{"id":139,"date":"2021-11-28T16:06:03","date_gmt":"2021-11-28T15:06:03","guid":{"rendered":"https:\/\/www.charlenemathieu.fr\/?page_id=139"},"modified":"2024-03-08T17:13:54","modified_gmt":"2024-03-08T16:13:54","slug":"contact-us","status":"publish","type":"page","link":"https:\/\/www.charlenemathieu.fr\/?page_id=139","title":{"rendered":"Contacts"},"content":{"rendered":"\t\t<div data-elementor-type=\"wp-page\" data-elementor-id=\"139\" class=\"elementor elementor-139\">\n\t\t\t\t\t\t<section class=\"elementor-section elementor-top-section elementor-element elementor-element-5c4d642e elementor-section-content-space-evenly elementor-section-full_width elementor-section-height-default elementor-section-height-default\" data-id=\"5c4d642e\" data-element_type=\"section\" data-settings=\"{&quot;background_background&quot;:&quot;classic&quot;}\">\n\t\t\t\t\t\t<div class=\"elementor-container elementor-column-gap-no\">\n\t\t\t\t\t<div class=\"elementor-column elementor-col-100 elementor-top-column elementor-element elementor-element-6350e5f9\" data-id=\"6350e5f9\" data-element_type=\"column\">\n\t\t\t<div class=\"elementor-widget-wrap elementor-element-populated\">\n\t\t\t\t\t\t<section class=\"elementor-section elementor-inner-section elementor-element elementor-element-3ff05345 elementor-section-boxed elementor-section-height-default elementor-section-height-default\" data-id=\"3ff05345\" data-element_type=\"section\">\n\t\t\t\t\t\t<div class=\"elementor-container elementor-column-gap-no\">\n\t\t\t\t\t<div class=\"elementor-column elementor-col-50 elementor-inner-column elementor-element elementor-element-7ca1f99f\" data-id=\"7ca1f99f\" data-element_type=\"column\">\n\t\t\t<div class=\"elementor-widget-wrap elementor-element-populated\">\n\t\t\t\t\t\t<div class=\"elementor-element elementor-element-36ebf6e1 elementor-invisible elementor-widget elementor-widget-heading\" data-id=\"36ebf6e1\" data-element_type=\"widget\" data-settings=\"{&quot;_animation&quot;:&quot;fadeIn&quot;}\" data-widget_type=\"heading.default\">\n\t\t\t\t<div class=\"elementor-widget-container\">\n\t\t\t<h1 class=\"elementor-heading-title elementor-size-default\">Contact<\/h1>\t\t<\/div>\n\t\t\t\t<\/div>\n\t\t\t\t<div class=\"elementor-element elementor-element-70d1247a elementor-widget-divider--view-line elementor-invisible elementor-widget elementor-widget-divider\" data-id=\"70d1247a\" data-element_type=\"widget\" data-settings=\"{&quot;_animation&quot;:&quot;fadeIn&quot;,&quot;_animation_delay&quot;:&quot;200&quot;}\" data-widget_type=\"divider.default\">\n\t\t\t\t<div class=\"elementor-widget-container\">\n\t\t\t\t\t<div class=\"elementor-divider\">\n\t\t\t<span class=\"elementor-divider-separator\">\n\t\t\t\t\t\t<\/span>\n\t\t<\/div>\n\t\t\t\t<\/div>\n\t\t\t\t<\/div>\n\t\t\t\t<div class=\"elementor-element elementor-element-66e07e3f elementor-position-left elementor-view-default elementor-mobile-position-top elementor-vertical-align-top elementor-widget elementor-widget-icon-box\" data-id=\"66e07e3f\" data-element_type=\"widget\" data-widget_type=\"icon-box.default\">\n\t\t\t\t<div class=\"elementor-widget-container\">\n\t\t\t\t\t<div class=\"elementor-icon-box-wrapper\">\n\n\t\t\t\t\t\t<div class=\"elementor-icon-box-icon\">\n\t\t\t\t<span  class=\"elementor-icon elementor-animation-\">\n\t\t\t\t<svg xmlns=\"http:\/\/www.w3.org\/2000\/svg\" id=\"bca0b969-da00-4909-80b0-f45b795ed16e\" data-name=\"Layer 1\" width=\"45\" height=\"45\" viewBox=\"0 0 45 45\"><rect x=\"21.4279\" y=\"3.2923\" width=\"1.0465\" height=\"3.2928\"><\/rect><path d=\"M21.5,44A22.5,22.5,0,1,1,44,21.5,22.5253,22.5253,0,0,1,21.5,44ZM21.5.0465A21.4535,21.4535,0,1,0,42.9535,21.5,21.4778,21.4778,0,0,0,21.5.0465Z\" transform=\"translate(1 1)\"><\/path><polygon points=\"29.351 30.075 21.428 24.981 21.428 10.427 22.474 10.427 22.474 24.409 29.918 29.194 29.351 30.075\"><\/polygon><rect x=\"21.4279\" y=\"38.4143\" width=\"1.0465\" height=\"3.2928\"><\/rect><rect x=\"3.8416\" y=\"20.8791\" width=\"3.2928\" height=\"1.0465\"><\/rect><rect x=\"38.4143\" y=\"20.8791\" width=\"3.2928\" height=\"1.0465\"><\/rect><\/svg>\t\t\t\t<\/span>\n\t\t\t<\/div>\n\t\t\t\n\t\t\t\t\t\t<div class=\"elementor-icon-box-content\">\n\n\t\t\t\t\t\t\t\t\t<h3 class=\"elementor-icon-box-title\">\n\t\t\t\t\t\t<span  >\n\t\t\t\t\t\t\tHoraires\t\t\t\t\t\t<\/span>\n\t\t\t\t\t<\/h3>\n\t\t\t\t\n\t\t\t\t\t\t\t\t\t<p class=\"elementor-icon-box-description\">\n\t\t\t\t\t\tLundi - Vendredi : 7h00 - 20h00.<br>\nSamedi : 9h00 - 13h00.\t\t\t\t\t<\/p>\n\t\t\t\t\n\t\t\t<\/div>\n\t\t\t\n\t\t<\/div>\n\t\t\t\t<\/div>\n\t\t\t\t<\/div>\n\t\t\t\t<div class=\"elementor-element elementor-element-4432d935 elementor-position-left elementor-view-default elementor-mobile-position-top elementor-vertical-align-top elementor-widget elementor-widget-icon-box\" data-id=\"4432d935\" data-element_type=\"widget\" data-widget_type=\"icon-box.default\">\n\t\t\t\t<div class=\"elementor-widget-container\">\n\t\t\t\t\t<div class=\"elementor-icon-box-wrapper\">\n\n\t\t\t\t\t\t<div class=\"elementor-icon-box-icon\">\n\t\t\t\t<span  class=\"elementor-icon elementor-animation-\">\n\t\t\t\t<svg xmlns=\"http:\/\/www.w3.org\/2000\/svg\" id=\"f7651d76-ee00-4083-9c64-2796abaebea1\" data-name=\"Layer 1\" width=\"45\" height=\"34.6149\" viewBox=\"0 0 45 34.6149\"><path d=\"M1,.7692V35.3841H46V.7692Zm43.06.9575L23.5,16.3357,2.9391,1.7267Zm-42.1029,32.7V2.2038L23.5,17.51,45.0425,2.2042V34.4266Z\" transform=\"translate(-1 -0.7692)\"><\/path><rect x=\"4.6152\" y=\"24.3289\" width=\"10.9615\" height=\"0.9575\"><\/rect><rect x=\"4.6152\" y=\"28.3672\" width=\"5.7695\" height=\"0.9574\"><\/rect><\/svg>\t\t\t\t<\/span>\n\t\t\t<\/div>\n\t\t\t\n\t\t\t\t\t\t<div class=\"elementor-icon-box-content\">\n\n\t\t\t\t\t\t\t\t\t<h4 class=\"elementor-icon-box-title\">\n\t\t\t\t\t\t<span  >\n\t\t\t\t\t\t\tContacts\t\t\t\t\t\t<\/span>\n\t\t\t\t\t<\/h4>\n\t\t\t\t\n\t\t\t\t\t\t\t\t\t<p class=\"elementor-icon-box-description\">\n\t\t\t\t\t\tT\u00e9l. : 06.82.58.91.10  <br>\ncontact@charlenemathieu.fr\t\t\t\t\t<\/p>\n\t\t\t\t\n\t\t\t<\/div>\n\t\t\t\n\t\t<\/div>\n\t\t\t\t<\/div>\n\t\t\t\t<\/div>\n\t\t\t\t<div class=\"elementor-element elementor-element-6c246266 elementor-position-left elementor-view-default elementor-mobile-position-top elementor-vertical-align-top elementor-widget elementor-widget-icon-box\" data-id=\"6c246266\" data-element_type=\"widget\" data-widget_type=\"icon-box.default\">\n\t\t\t\t<div class=\"elementor-widget-container\">\n\t\t\t\t\t<div class=\"elementor-icon-box-wrapper\">\n\n\t\t\t\t\t\t<div class=\"elementor-icon-box-icon\">\n\t\t\t\t<span  class=\"elementor-icon elementor-animation-\">\n\t\t\t\t<svg xmlns=\"http:\/\/www.w3.org\/2000\/svg\" id=\"f4c81fb4-425f-4ac6-9e17-c0fe23bc1ab5\" data-name=\"Layer 1\" width=\"28.8462\" height=\"45\" viewBox=\"0 0 28.8462 45\"><path d=\"M22.7115,32.9362a90.8161,90.8161,0,0,0,4.96-9.147c1.4982-3.2848,2.2519-5.8716,2.2519-7.6861a14.4231,14.4231,0,0,0-28.8462,0c0,1.8145.7537,4.4013,2.2519,7.6861a90.8161,90.8161,0,0,0,4.96,9.147c1.861,3.0614,3.722,5.853,4.96,7.6489.093.14.1861.27.27.4a17.4648,17.4648,0,0,0-4.1408.7724,6.3447,6.3447,0,0,0-1.8518.9118,1.2729,1.2729,0,0,0,0,2.2519,6.1185,6.1185,0,0,0,1.8518.9119A20.0544,20.0544,0,0,0,15.5,46.68a20.0544,20.0544,0,0,0,6.1228-.8468,6.1185,6.1185,0,0,0,1.8518-.9119,1.2729,1.2729,0,0,0,0-2.2519,6.3447,6.3447,0,0,0-1.8518-.9118,17.5478,17.5478,0,0,0-4.15-.7724c.093-.13.1861-.2605.2791-.4C18.99,38.7892,20.8505,35.9976,22.7115,32.9362Zm-1.3864,9.7054a5.2549,5.2549,0,0,1,1.5726.763c.27.2047.3256.3535.3256.3908s-.0558.1861-.3256.3908a5.3739,5.3739,0,0,1-1.5726.763,18.9786,18.9786,0,0,1-5.8251.8,18.9786,18.9786,0,0,1-5.8251-.8,5.3739,5.3739,0,0,1-1.5726-.763c-.27-.2047-.3256-.3536-.3256-.3908s.0558-.1861.3256-.3908a5.2549,5.2549,0,0,1,1.5726-.763,17.46,17.46,0,0,1,4.4665-.7631c.2792.4095.53.7631.7352,1.0515l.6234.8654.6234-.8654c.2048-.2884.4467-.642.7352-1.0515A17.46,17.46,0,0,1,21.3251,42.6416ZM16.9888,40.064c-.2047.3071-.4094.5862-.5955.8561-.2326.3443-.456.6513-.6514.9212-.0837.13-.1674.2419-.2419.3536-.0745-.1117-.1582-.2233-.2419-.3536-.1954-.27-.4188-.5769-.6514-.9212-.1861-.27-.3908-.549-.5955-.8561-1.2283-1.7959-3.08-4.5688-4.9318-7.6117a90.6281,90.6281,0,0,1-4.9038-9.0447c-1.4423-3.1637-2.1682-5.62-2.1682-7.3045a13.4926,13.4926,0,1,1,26.9852,0c0,1.6842-.7259,4.1408-2.1682,7.3045a89.7474,89.7474,0,0,1-4.9038,9.0447C20.0688,35.4952,18.2171,38.2681,16.9888,40.064Z\" transform=\"translate(-1.0769 -1.68)\"><\/path><path d=\"M15.5,8.6031a5.7693,5.7693,0,1,0,5.7692,5.7692A5.7741,5.7741,0,0,0,15.5,8.6031Zm0,10.6079a4.8387,4.8387,0,1,1,4.8387-4.8387A4.8409,4.8409,0,0,1,15.5,19.211Z\" transform=\"translate(-1.0769 -1.68)\"><\/path><\/svg>\t\t\t\t<\/span>\n\t\t\t<\/div>\n\t\t\t\n\t\t\t\t\t\t<div class=\"elementor-icon-box-content\">\n\n\t\t\t\t\t\t\t\t\t<h4 class=\"elementor-icon-box-title\">\n\t\t\t\t\t\t<span  >\n\t\t\t\t\t\t\tAdresse\t\t\t\t\t\t<\/span>\n\t\t\t\t\t<\/h4>\n\t\t\t\t\n\t\t\t\t\t\t\t\t\t<p class=\"elementor-icon-box-description\">\n\t\t\t\t\t\tClinique du Vivarais <br>\n41 Chem. Pr\u00e9 Saint-Antoine  <br>\n07200 Aubenas\t\t\t\t\t<\/p>\n\t\t\t\t\n\t\t\t<\/div>\n\t\t\t\n\t\t<\/div>\n\t\t\t\t<\/div>\n\t\t\t\t<\/div>\n\t\t\t\t\t<\/div>\n\t\t<\/div>\n\t\t\t\t<div class=\"elementor-column elementor-col-50 elementor-inner-column elementor-element elementor-element-b74b738\" data-id=\"b74b738\" data-element_type=\"column\">\n\t\t\t<div class=\"elementor-widget-wrap elementor-element-populated\">\n\t\t\t\t\t\t<div class=\"elementor-element elementor-element-e9f089b elementor-widget__width-inherit elementor-widget elementor-widget-google_maps\" data-id=\"e9f089b\" data-element_type=\"widget\" data-widget_type=\"google_maps.default\">\n\t\t\t\t<div class=\"elementor-widget-container\">\n\t\t\t\t\t<div class=\"elementor-custom-embed\">\n\t\t\t<iframe loading=\"lazy\"\n\t\t\t\t\tsrc=\"https:\/\/maps.google.com\/maps?q=Charl%C3%A8ne%20Mathieu%2C%20Art-Th%C3%A9rapeute%2C%20Aubenas&#038;t=m&#038;z=14&#038;output=embed&#038;iwloc=near\"\n\t\t\t\t\ttitle=\"Charl\u00e8ne Mathieu, Art-Th\u00e9rapeute, Aubenas\"\n\t\t\t\t\taria-label=\"Charl\u00e8ne Mathieu, Art-Th\u00e9rapeute, Aubenas\"\n\t\t\t><\/iframe>\n\t\t<\/div>\n\t\t\t\t<\/div>\n\t\t\t\t<\/div>\n\t\t\t\t\t<\/div>\n\t\t<\/div>\n\t\t\t\t\t<\/div>\n\t\t<\/section>\n\t\t\t\t\t<\/div>\n\t\t<\/div>\n\t\t\t\t\t<\/div>\n\t\t<\/section>\n\t\t\t\t<\/div>\n\t\t","protected":false},"excerpt":{"rendered":"<p>Contact Horaires Lundi &#8211; Vendredi : 7h00 &#8211; 20h00. Samedi : 9h00 &#8211; 13h00. Contacts T\u00e9l. : 06.82.58.91.10 contact@charlenemathieu.fr Adresse Clinique du Vivarais 41 Chem. Pr\u00e9 Saint-Antoine 07200 Aubenas<\/p>\n","protected":false},"author":1,"featured_media":0,"parent":0,"menu_order":0,"comment_status":"closed","ping_status":"closed","template":"","meta":{"footnotes":""},"class_list":["post-139","page","type-page","status-publish","hentry"],"yoast_head":"<!-- This site is optimized with the Yoast SEO plugin v23.6 - https:\/\/yoast.com\/wordpress\/plugins\/seo\/ -->\n<title>Contacts - Charl\u00e8ne Mathieu - ART-TH\u00c9RAPEUTE - Aubenas<\/title>\n<meta name=\"robots\" content=\"index, follow, max-snippet:-1, max-image-preview:large, max-video-preview:-1\" \/>\n<link rel=\"canonical\" href=\"https:\/\/www.charlenemathieu.fr\/?page_id=139\" \/>\n<meta property=\"og:locale\" content=\"fr_FR\" \/>\n<meta property=\"og:type\" content=\"article\" \/>\n<meta property=\"og:title\" content=\"Contacts - Charl\u00e8ne Mathieu - ART-TH\u00c9RAPEUTE - Aubenas\" \/>\n<meta property=\"og:description\" content=\"Contact Horaires Lundi &#8211; Vendredi : 7h00 &#8211; 20h00. Samedi : 9h00 &#8211; 13h00. Contacts T\u00e9l. : 06.82.58.91.10 contact@charlenemathieu.fr Adresse Clinique du Vivarais 41 Chem. Pr\u00e9 Saint-Antoine 07200 Aubenas\" \/>\n<meta property=\"og:url\" content=\"https:\/\/www.charlenemathieu.fr\/?page_id=139\" \/>\n<meta property=\"og:site_name\" content=\"Charl\u00e8ne Mathieu - ART-TH\u00c9RAPEUTE - Aubenas\" \/>\n<meta property=\"article:modified_time\" content=\"2024-03-08T16:13:54+00:00\" \/>\n<meta name=\"twitter:card\" content=\"summary_large_image\" \/>\n<meta name=\"twitter:label1\" content=\"Dur\u00e9e de lecture estim\u00e9e\" \/>\n\t<meta name=\"twitter:data1\" content=\"1 minute\" \/>\n<script type=\"application\/ld+json\" class=\"yoast-schema-graph\">{\"@context\":\"https:\/\/schema.org\",\"@graph\":[{\"@type\":\"WebPage\",\"@id\":\"https:\/\/www.charlenemathieu.fr\/?page_id=139\",\"url\":\"https:\/\/www.charlenemathieu.fr\/?page_id=139\",\"name\":\"Contacts - Charl\u00e8ne Mathieu - ART-TH\u00c9RAPEUTE - Aubenas\",\"isPartOf\":{\"@id\":\"https:\/\/www.charlenemathieu.fr\/#website\"},\"datePublished\":\"2021-11-28T15:06:03+00:00\",\"dateModified\":\"2024-03-08T16:13:54+00:00\",\"breadcrumb\":{\"@id\":\"https:\/\/www.charlenemathieu.fr\/?page_id=139#breadcrumb\"},\"inLanguage\":\"fr-FR\",\"potentialAction\":[{\"@type\":\"ReadAction\",\"target\":[\"https:\/\/www.charlenemathieu.fr\/?page_id=139\"]}]},{\"@type\":\"BreadcrumbList\",\"@id\":\"https:\/\/www.charlenemathieu.fr\/?page_id=139#breadcrumb\",\"itemListElement\":[{\"@type\":\"ListItem\",\"position\":1,\"name\":\"Accueil\",\"item\":\"https:\/\/www.charlenemathieu.fr\/\"},{\"@type\":\"ListItem\",\"position\":2,\"name\":\"Contacts\"}]},{\"@type\":\"WebSite\",\"@id\":\"https:\/\/www.charlenemathieu.fr\/#website\",\"url\":\"https:\/\/www.charlenemathieu.fr\/\",\"name\":\"Charl\u00e8ne Mathieu - ART-TH\u00c9RAPEUTE - Aubenas\",\"description\":\"Charl\u00e8ne Mathieu\",\"publisher\":{\"@id\":\"https:\/\/www.charlenemathieu.fr\/#organization\"},\"potentialAction\":[{\"@type\":\"SearchAction\",\"target\":{\"@type\":\"EntryPoint\",\"urlTemplate\":\"https:\/\/www.charlenemathieu.fr\/?s={search_term_string}\"},\"query-input\":{\"@type\":\"PropertyValueSpecification\",\"valueRequired\":true,\"valueName\":\"search_term_string\"}}],\"inLanguage\":\"fr-FR\"},{\"@type\":\"Organization\",\"@id\":\"https:\/\/www.charlenemathieu.fr\/#organization\",\"name\":\"Charl\u00e8ne Mathieu - ART-TH\u00c9RAPEUTE - Aubenas\",\"url\":\"https:\/\/www.charlenemathieu.fr\/\",\"logo\":{\"@type\":\"ImageObject\",\"inLanguage\":\"fr-FR\",\"@id\":\"https:\/\/www.charlenemathieu.fr\/#\/schema\/logo\/image\/\",\"url\":\"https:\/\/www.charlenemathieu.fr\/wp-content\/uploads\/2021\/11\/Logo.png\",\"contentUrl\":\"https:\/\/www.charlenemathieu.fr\/wp-content\/uploads\/2021\/11\/Logo.png\",\"width\":349,\"height\":350,\"caption\":\"Charl\u00e8ne Mathieu - ART-TH\u00c9RAPEUTE - Aubenas\"},\"image\":{\"@id\":\"https:\/\/www.charlenemathieu.fr\/#\/schema\/logo\/image\/\"}}]}<\/script>\n<!-- \/ Yoast SEO plugin. -->","yoast_head_json":{"title":"Contacts - Charl\u00e8ne Mathieu - ART-TH\u00c9RAPEUTE - Aubenas","robots":{"index":"index","follow":"follow","max-snippet":"max-snippet:-1","max-image-preview":"max-image-preview:large","max-video-preview":"max-video-preview:-1"},"canonical":"https:\/\/www.charlenemathieu.fr\/?page_id=139","og_locale":"fr_FR","og_type":"article","og_title":"Contacts - Charl\u00e8ne Mathieu - ART-TH\u00c9RAPEUTE - Aubenas","og_description":"Contact Horaires Lundi &#8211; Vendredi : 7h00 &#8211; 20h00. Samedi : 9h00 &#8211; 13h00. Contacts T\u00e9l. : 06.82.58.91.10 contact@charlenemathieu.fr Adresse Clinique du Vivarais 41 Chem. Pr\u00e9 Saint-Antoine 07200 Aubenas","og_url":"https:\/\/www.charlenemathieu.fr\/?page_id=139","og_site_name":"Charl\u00e8ne Mathieu - ART-TH\u00c9RAPEUTE - Aubenas","article_modified_time":"2024-03-08T16:13:54+00:00","twitter_card":"summary_large_image","twitter_misc":{"Dur\u00e9e de lecture estim\u00e9e":"1 minute"},"schema":{"@context":"https:\/\/schema.org","@graph":[{"@type":"WebPage","@id":"https:\/\/www.charlenemathieu.fr\/?page_id=139","url":"https:\/\/www.charlenemathieu.fr\/?page_id=139","name":"Contacts - Charl\u00e8ne Mathieu - ART-TH\u00c9RAPEUTE - Aubenas","isPartOf":{"@id":"https:\/\/www.charlenemathieu.fr\/#website"},"datePublished":"2021-11-28T15:06:03+00:00","dateModified":"2024-03-08T16:13:54+00:00","breadcrumb":{"@id":"https:\/\/www.charlenemathieu.fr\/?page_id=139#breadcrumb"},"inLanguage":"fr-FR","potentialAction":[{"@type":"ReadAction","target":["https:\/\/www.charlenemathieu.fr\/?page_id=139"]}]},{"@type":"BreadcrumbList","@id":"https:\/\/www.charlenemathieu.fr\/?page_id=139#breadcrumb","itemListElement":[{"@type":"ListItem","position":1,"name":"Accueil","item":"https:\/\/www.charlenemathieu.fr\/"},{"@type":"ListItem","position":2,"name":"Contacts"}]},{"@type":"WebSite","@id":"https:\/\/www.charlenemathieu.fr\/#website","url":"https:\/\/www.charlenemathieu.fr\/","name":"Charl\u00e8ne Mathieu - ART-TH\u00c9RAPEUTE - Aubenas","description":"Charl\u00e8ne Mathieu","publisher":{"@id":"https:\/\/www.charlenemathieu.fr\/#organization"},"potentialAction":[{"@type":"SearchAction","target":{"@type":"EntryPoint","urlTemplate":"https:\/\/www.charlenemathieu.fr\/?s={search_term_string}"},"query-input":{"@type":"PropertyValueSpecification","valueRequired":true,"valueName":"search_term_string"}}],"inLanguage":"fr-FR"},{"@type":"Organization","@id":"https:\/\/www.charlenemathieu.fr\/#organization","name":"Charl\u00e8ne Mathieu - ART-TH\u00c9RAPEUTE - Aubenas","url":"https:\/\/www.charlenemathieu.fr\/","logo":{"@type":"ImageObject","inLanguage":"fr-FR","@id":"https:\/\/www.charlenemathieu.fr\/#\/schema\/logo\/image\/","url":"https:\/\/www.charlenemathieu.fr\/wp-content\/uploads\/2021\/11\/Logo.png","contentUrl":"https:\/\/www.charlenemathieu.fr\/wp-content\/uploads\/2021\/11\/Logo.png","width":349,"height":350,"caption":"Charl\u00e8ne Mathieu - ART-TH\u00c9RAPEUTE - Aubenas"},"image":{"@id":"https:\/\/www.charlenemathieu.fr\/#\/schema\/logo\/image\/"}}]}},"_links":{"self":[{"href":"https:\/\/www.charlenemathieu.fr\/index.php?rest_route=\/wp\/v2\/pages\/139"}],"collection":[{"href":"https:\/\/www.charlenemathieu.fr\/index.php?rest_route=\/wp\/v2\/pages"}],"about":[{"href":"https:\/\/www.charlenemathieu.fr\/index.php?rest_route=\/wp\/v2\/types\/page"}],"author":[{"embeddable":true,"href":"https:\/\/www.charlenemathieu.fr\/index.php?rest_route=\/wp\/v2\/users\/1"}],"replies":[{"embeddable":true,"href":"https:\/\/www.charlenemathieu.fr\/index.php?rest_route=%2Fwp%2Fv2%2Fcomments&post=139"}],"version-history":[{"count":110,"href":"https:\/\/www.charlenemathieu.fr\/index.php?rest_route=\/wp\/v2\/pages\/139\/revisions"}],"predecessor-version":[{"id":717,"href":"https:\/\/www.charlenemathieu.fr\/index.php?rest_route=\/wp\/v2\/pages\/139\/revisions\/717"}],"wp:attachment":[{"href":"https:\/\/www.charlenemathieu.fr\/index.php?rest_route=%2Fwp%2Fv2%2Fmedia&parent=139"}],"curies":[{"name":"wp","href":"https:\/\/api.w.org\/{rel}","templated":true}]}}