{"id":151,"date":"2021-11-28T16:06:04","date_gmt":"2021-11-28T15:06:04","guid":{"rendered":"https:\/\/www.charlenemathieu.fr\/?page_id=151"},"modified":"2024-03-07T19:35:31","modified_gmt":"2024-03-07T18:35:31","slug":"home","status":"publish","type":"page","link":"https:\/\/www.charlenemathieu.fr\/","title":{"rendered":"Art-Th\u00e9rapeute"},"content":{"rendered":"\t\t<div data-elementor-type=\"wp-page\" data-elementor-id=\"151\" class=\"elementor elementor-151\">\n\t\t\t\t\t\t<section class=\"elementor-section elementor-top-section elementor-element elementor-element-4d2549a6 elementor-section-height-min-height elementor-section-items-stretch elementor-section-content-top elementor-section-full_width elementor-section-height-default\" data-id=\"4d2549a6\" data-element_type=\"section\" data-settings=\"{&quot;background_background&quot;:&quot;classic&quot;}\">\n\t\t\t\t\t\t<div class=\"elementor-container elementor-column-gap-no\">\n\t\t\t\t\t<div class=\"elementor-column elementor-col-100 elementor-top-column elementor-element elementor-element-77c49cb\" data-id=\"77c49cb\" data-element_type=\"column\">\n\t\t\t<div class=\"elementor-widget-wrap elementor-element-populated\">\n\t\t\t\t\t\t<div class=\"elementor-element elementor-element-466a6ca elementor-widget elementor-widget-spacer\" data-id=\"466a6ca\" data-element_type=\"widget\" data-widget_type=\"spacer.default\">\n\t\t\t\t<div class=\"elementor-widget-container\">\n\t\t\t\t\t<div class=\"elementor-spacer\">\n\t\t\t<div class=\"elementor-spacer-inner\"><\/div>\n\t\t<\/div>\n\t\t\t\t<\/div>\n\t\t\t\t<\/div>\n\t\t\t\t<section class=\"elementor-section elementor-inner-section elementor-element elementor-element-fc1dfe7 elementor-section-boxed elementor-section-height-default elementor-section-height-default\" data-id=\"fc1dfe7\" data-element_type=\"section\">\n\t\t\t\t\t\t<div class=\"elementor-container elementor-column-gap-default\">\n\t\t\t\t\t<div class=\"elementor-column elementor-col-100 elementor-inner-column elementor-element elementor-element-6883f00\" data-id=\"6883f00\" data-element_type=\"column\">\n\t\t\t<div class=\"elementor-widget-wrap\">\n\t\t\t\t\t\t\t<\/div>\n\t\t<\/div>\n\t\t\t\t\t<\/div>\n\t\t<\/section>\n\t\t\t\t<section class=\"elementor-section elementor-inner-section elementor-element elementor-element-17ee3cb5 elementor-section-boxed elementor-section-height-default elementor-section-height-default\" data-id=\"17ee3cb5\" data-element_type=\"section\">\n\t\t\t\t\t\t<div class=\"elementor-container elementor-column-gap-no\">\n\t\t\t\t\t<div class=\"elementor-column elementor-col-50 elementor-inner-column elementor-element elementor-element-cd039ec\" data-id=\"cd039ec\" data-element_type=\"column\">\n\t\t\t<div class=\"elementor-widget-wrap elementor-element-populated\">\n\t\t\t\t\t\t<div class=\"elementor-element elementor-element-33c00c6 elementor-invisible elementor-widget elementor-widget-heading\" data-id=\"33c00c6\" data-element_type=\"widget\" data-settings=\"{&quot;_animation&quot;:&quot;fadeIn&quot;}\" data-widget_type=\"heading.default\">\n\t\t\t\t<div class=\"elementor-widget-container\">\n\t\t\t<h1 class=\"elementor-heading-title elementor-size-default\">L'ART-TH\u00c9RAPEUTE<\/h1>\t\t<\/div>\n\t\t\t\t<\/div>\n\t\t\t\t<div class=\"elementor-element elementor-element-d81a164 elementor-widget-divider--view-line elementor-invisible elementor-widget elementor-widget-divider\" data-id=\"d81a164\" data-element_type=\"widget\" data-settings=\"{&quot;_animation&quot;:&quot;fadeIn&quot;,&quot;_animation_delay&quot;:&quot;200&quot;}\" data-widget_type=\"divider.default\">\n\t\t\t\t<div class=\"elementor-widget-container\">\n\t\t\t\t\t<div class=\"elementor-divider\">\n\t\t\t<span class=\"elementor-divider-separator\">\n\t\t\t\t\t\t<\/span>\n\t\t<\/div>\n\t\t\t\t<\/div>\n\t\t\t\t<\/div>\n\t\t\t\t<div class=\"elementor-element elementor-element-bac366a elementor-invisible elementor-widget elementor-widget-heading\" data-id=\"bac366a\" data-element_type=\"widget\" data-settings=\"{&quot;_animation&quot;:&quot;fadeIn&quot;,&quot;_animation_delay&quot;:&quot;400&quot;}\" data-widget_type=\"heading.default\">\n\t\t\t\t<div class=\"elementor-widget-container\">\n\t\t\t<h1 class=\"elementor-heading-title elementor-size-default\">Ma formation :<\/h1>\t\t<\/div>\n\t\t\t\t<\/div>\n\t\t\t\t<div class=\"elementor-element elementor-element-f94ac73 elementor-widget-tablet__width-auto elementor-widget elementor-widget-text-editor\" data-id=\"f94ac73\" data-element_type=\"widget\" data-widget_type=\"text-editor.default\">\n\t\t\t\t<div class=\"elementor-widget-container\">\n\t\t\t\t\t\t\t<p><strong>ART-TH\u00c9RAPIE:<\/strong><\/p>\n<p>-Dipl\u00f4me Universitaire Art-Th\u00e9rapeute,<br>UNIVERSIT\u00c9 DE M\u00c9DECINE, TOURS, Pays de Loire.<\/p>\n<p>-Intervenante sp\u00e9cialis\u00e9e en Art-Th\u00e9rapie<br>ECOLE ART-TH\u00c9RAPIE , AFRATAPEM, Richard Forestier, TOURS, Pays de Loire.<\/p>\n<p>-Intervenante sp\u00e9cialis\u00e9e, Approche du Concept Snoezelen<br>P\u00c9TRARQUE, Organisme de Formation Agr\u00e9e Sant\u00e9 de Proximit\u00e9, Ile de France \/ Pays Bas.<\/p>\n<p><strong>&nbsp;<\/strong><\/p>\n<p><strong>ARTS-PLASTIQUES:<\/strong><\/p>\n<p>&#8211; Licence Art et Culture, Mention Arts-Plastiques<br>option sp\u00e9cialis\u00e9e en Psychologie et psycho-P\u00e9dagogie de l\u2019Enseignement<br>Universit\u00e9 Fran\u00e7ois Rabelais, Metz, Lorraine.<\/p>\n<p>&#8211; Dipl\u00f4me d\u2019Etudes Universitaire G\u00e9n\u00e9rales,<br>Sciences Humaines, Art et Culture, Mention Arts-Plastiques<br>Universit\u00e9 Fran\u00e7ois Rabelais, Metz, Lorraine.<\/p>\n<p>&#8211; Pr\u00e9pa. Grandes Ecoles Arts-Appliqu\u00e9es<br>Ecole de Cond\u00e9, NANCY, Lorraine.<\/p><p><br><\/p>\t\t\t\t\t\t<\/div>\n\t\t\t\t<\/div>\n\t\t\t\t\t<\/div>\n\t\t<\/div>\n\t\t\t\t<div class=\"elementor-column elementor-col-50 elementor-inner-column elementor-element elementor-element-6ced2da\" data-id=\"6ced2da\" data-element_type=\"column\">\n\t\t\t<div class=\"elementor-widget-wrap elementor-element-populated\">\n\t\t\t\t\t\t<div class=\"elementor-element elementor-element-6944a9dd elementor-widget__width-initial elementor-widget-tablet__width-initial elementor-widget-mobile__width-inherit elementor-invisible elementor-widget elementor-widget-image\" data-id=\"6944a9dd\" data-element_type=\"widget\" data-settings=\"{&quot;_animation&quot;:&quot;slideInRight&quot;}\" data-widget_type=\"image.default\">\n\t\t\t\t<div class=\"elementor-widget-container\">\n\t\t\t\t\t\t\t\t\t\t\t\t\t<img fetchpriority=\"high\" decoding=\"async\" width=\"800\" height=\"1000\" src=\"https:\/\/www.charlenemathieu.fr\/wp-content\/uploads\/2024\/02\/unnamed08-819x1024.jpg\" class=\"attachment-large size-large wp-image-322\" alt=\"\" srcset=\"https:\/\/www.charlenemathieu.fr\/wp-content\/uploads\/2024\/02\/unnamed08-819x1024.jpg 819w, https:\/\/www.charlenemathieu.fr\/wp-content\/uploads\/2024\/02\/unnamed08-240x300.jpg 240w, https:\/\/www.charlenemathieu.fr\/wp-content\/uploads\/2024\/02\/unnamed08-768x960.jpg 768w, https:\/\/www.charlenemathieu.fr\/wp-content\/uploads\/2024\/02\/unnamed08-1229x1536.jpg 1229w, https:\/\/www.charlenemathieu.fr\/wp-content\/uploads\/2024\/02\/unnamed08-1638x2048.jpg 1638w, https:\/\/www.charlenemathieu.fr\/wp-content\/uploads\/2024\/02\/unnamed08-scaled.jpg 2048w\" sizes=\"(max-width: 800px) 100vw, 800px\" \/>\t\t\t\t\t\t\t\t\t\t\t\t\t<\/div>\n\t\t\t\t<\/div>\n\t\t\t\t\t<\/div>\n\t\t<\/div>\n\t\t\t\t\t<\/div>\n\t\t<\/section>\n\t\t\t\t\t<\/div>\n\t\t<\/div>\n\t\t\t\t\t<\/div>\n\t\t<\/section>\n\t\t\t\t<section class=\"elementor-section elementor-top-section elementor-element elementor-element-b6c2c09 elementor-section-boxed elementor-section-height-default elementor-section-height-default\" data-id=\"b6c2c09\" data-element_type=\"section\">\n\t\t\t\t\t\t<div class=\"elementor-container elementor-column-gap-default\">\n\t\t\t\t\t<div class=\"elementor-column elementor-col-50 elementor-top-column elementor-element elementor-element-5dec481\" data-id=\"5dec481\" data-element_type=\"column\">\n\t\t\t<div class=\"elementor-widget-wrap elementor-element-populated\">\n\t\t\t\t\t\t<div class=\"elementor-element elementor-element-18d7ab1 elementor-widget-divider--view-line elementor-invisible elementor-widget elementor-widget-divider\" data-id=\"18d7ab1\" data-element_type=\"widget\" data-settings=\"{&quot;_animation&quot;:&quot;fadeIn&quot;,&quot;_animation_delay&quot;:&quot;200&quot;}\" data-widget_type=\"divider.default\">\n\t\t\t\t<div class=\"elementor-widget-container\">\n\t\t\t\t\t<div class=\"elementor-divider\">\n\t\t\t<span class=\"elementor-divider-separator\">\n\t\t\t\t\t\t<\/span>\n\t\t<\/div>\n\t\t\t\t<\/div>\n\t\t\t\t<\/div>\n\t\t\t\t<div class=\"elementor-element elementor-element-df29e1d elementor-invisible elementor-widget elementor-widget-heading\" data-id=\"df29e1d\" data-element_type=\"widget\" data-settings=\"{&quot;_animation&quot;:&quot;fadeIn&quot;,&quot;_animation_delay&quot;:&quot;400&quot;}\" data-widget_type=\"heading.default\">\n\t\t\t\t<div class=\"elementor-widget-container\">\n\t\t\t<h1 class=\"elementor-heading-title elementor-size-default\">Ma pratique \/ Mes&nbsp;outils&nbsp;th\u00e9rapeutiques&nbsp;:<\/h1>\t\t<\/div>\n\t\t\t\t<\/div>\n\t\t\t\t<div class=\"elementor-element elementor-element-6749b94 elementor-widget elementor-widget-text-editor\" data-id=\"6749b94\" data-element_type=\"widget\" data-widget_type=\"text-editor.default\">\n\t\t\t\t<div class=\"elementor-widget-container\">\n\t\t\t\t\t\t\t<p><strong>TECHNIQUES ARTISTIQUES RELATIVES AUX CHAMPS DES ARTS-PLASTIQUES :<br \/><\/strong>&#8211; Collage, Assemblage , Modelage<br \/>&#8211; Arts Graphiques: \u00e9criture, dessin, impression<br \/>&#8211; Peinture : pigments, min\u00e9rales, v\u00e9g\u00e9tales, acryliques, huiles, temp\u00e9ra etc.<br \/>&#8211; Technique du Land Art et Installation<br \/>&#8211; R\u00e9alisation sculpture Pl\u00e2tre, Papier m\u00e2ch\u00e9, Grillage, cartons..<\/p><p><strong>CONCEPT SNOEZELEN :<br \/><\/strong>&#8211; fait appel aux cinq sens : l&rsquo;ou\u00efe, l&rsquo;odorat, la vue, le go\u00fbt et le toucher<\/p><p><strong>DANSE ( FORMATION CLASSIQUE ET MODERNE JAZZ)<br \/><\/strong>-Travail autour du sch\u00e9ma corporel, l\u2019espace et le temps, peinture dans\u00e9e.<\/p><p><strong>TECHNIQUES D\u2019EXERCICES DE RELAXATION:<br \/><\/strong>&#8211; Travail \/exercices ax\u00e9s sur la respiration, prise de conscience du corps \/ sch\u00e9ma corporel<br \/>&#8211; Massage Effleurage \/Auto-massage<br \/>&#8211; Pratique technique TIPI<\/p><p>\u00a0<\/p>\t\t\t\t\t\t<\/div>\n\t\t\t\t<\/div>\n\t\t\t\t\t<\/div>\n\t\t<\/div>\n\t\t\t\t<div class=\"elementor-column elementor-col-50 elementor-top-column elementor-element elementor-element-d247d5a\" data-id=\"d247d5a\" data-element_type=\"column\">\n\t\t\t<div class=\"elementor-widget-wrap elementor-element-populated\">\n\t\t\t\t\t\t<div class=\"elementor-element elementor-element-bcc83dc elementor-widget-divider--view-line elementor-invisible elementor-widget elementor-widget-divider\" data-id=\"bcc83dc\" data-element_type=\"widget\" data-settings=\"{&quot;_animation&quot;:&quot;fadeIn&quot;,&quot;_animation_delay&quot;:&quot;200&quot;}\" data-widget_type=\"divider.default\">\n\t\t\t\t<div class=\"elementor-widget-container\">\n\t\t\t\t\t<div class=\"elementor-divider\">\n\t\t\t<span class=\"elementor-divider-separator\">\n\t\t\t\t\t\t<\/span>\n\t\t<\/div>\n\t\t\t\t<\/div>\n\t\t\t\t<\/div>\n\t\t\t\t<div class=\"elementor-element elementor-element-b6fa563 elementor-invisible elementor-widget elementor-widget-heading\" data-id=\"b6fa563\" data-element_type=\"widget\" data-settings=\"{&quot;_animation&quot;:&quot;fadeIn&quot;,&quot;_animation_delay&quot;:&quot;400&quot;}\" data-widget_type=\"heading.default\">\n\t\t\t\t<div class=\"elementor-widget-container\">\n\t\t\t<h1 class=\"elementor-heading-title elementor-size-default\">Mon parcours :<\/h1>\t\t<\/div>\n\t\t\t\t<\/div>\n\t\t\t\t<div class=\"elementor-element elementor-element-71df88f elementor-widget elementor-widget-text-editor\" data-id=\"71df88f\" data-element_type=\"widget\" data-widget_type=\"text-editor.default\">\n\t\t\t\t<div class=\"elementor-widget-container\">\n\t\t\t\t\t\t\t<p><strong>ART-TH\u00c9RAPIE :<br \/><\/strong>&#8211; En cabinet de consultations : s\u00e9ances individuelles pour adultes, adolescents ou enfants<br \/>&#8211; S\u00e9ances en petits ateliers de 3\/4 personnes : Enfants et S\u00e9niors, parents\/enfants, couple<br \/>&#8211; D\u00e9placement \u00e0 domicile (lorsque les personnes ne peuvent pas se d\u00e9placer)<\/p><p><br \/><strong>\u00a0VACATIONS D&rsquo;ART-TH\u00c9RAPIE EN INSTITUTIONS :<br \/><\/strong>&#8211; Associations diverses ( MFR, GEM ..)<br \/>&#8211; Etablissement carc\u00e9ral ( mineurs PJJ, Majeurs service USMP, CEF, Foyers)<br \/>&#8211; Structures m\u00e9dico-sociales ( Centres Hospitaliers, CMP, CATTP, H\u00f4pital de Jour, Services<br \/>psychiatriques, Centres Addictologie, UVP, UHR, MAS, EHPAD)<br \/>&#8211; Organismes socio-culturels ( Mus\u00e9e, Galerie MJC, M\u00e9diath\u00e8que)<br \/>&#8211; Etablissements scolaires (\u00c9cole primaire, Coll\u00e8ge, Lyc\u00e9e, Universit\u00e9, MFR)<\/p>\t\t\t\t\t\t<\/div>\n\t\t\t\t<\/div>\n\t\t\t\t\t<\/div>\n\t\t<\/div>\n\t\t\t\t\t<\/div>\n\t\t<\/section>\n\t\t\t\t<\/div>\n\t\t","protected":false},"excerpt":{"rendered":"<p>L&rsquo;ART-TH\u00c9RAPEUTE Ma formation : ART-TH\u00c9RAPIE: -Dipl\u00f4me Universitaire Art-Th\u00e9rapeute,UNIVERSIT\u00c9 DE M\u00c9DECINE, TOURS, Pays de Loire. -Intervenante sp\u00e9cialis\u00e9e en Art-Th\u00e9rapieECOLE ART-TH\u00c9RAPIE , AFRATAPEM, Richard Forestier, TOURS, Pays de Loire. -Intervenante sp\u00e9cialis\u00e9e, Approche du Concept SnoezelenP\u00c9TRARQUE, Organisme de Formation Agr\u00e9e Sant\u00e9 de Proximit\u00e9, Ile de France \/ Pays Bas. &nbsp; ARTS-PLASTIQUES: &#8211; Licence Art et Culture, Mention Arts-Plastiquesoption [&hellip;]<\/p>\n","protected":false},"author":1,"featured_media":0,"parent":0,"menu_order":0,"comment_status":"closed","ping_status":"closed","template":"","meta":{"footnotes":""},"class_list":["post-151","page","type-page","status-publish","hentry"],"yoast_head":"<!-- This site is optimized with the Yoast SEO plugin v23.6 - https:\/\/yoast.com\/wordpress\/plugins\/seo\/ -->\n<title>Art-Th\u00e9rapeute - Charl\u00e8ne Mathieu - ART-TH\u00c9RAPEUTE - Aubenas<\/title>\n<meta name=\"robots\" content=\"index, follow, max-snippet:-1, max-image-preview:large, max-video-preview:-1\" \/>\n<link rel=\"canonical\" href=\"https:\/\/www.charlenemathieu.fr\/\" \/>\n<meta property=\"og:locale\" content=\"fr_FR\" \/>\n<meta property=\"og:type\" content=\"article\" \/>\n<meta property=\"og:title\" content=\"Art-Th\u00e9rapeute - Charl\u00e8ne Mathieu - ART-TH\u00c9RAPEUTE - Aubenas\" \/>\n<meta property=\"og:description\" content=\"L&rsquo;ART-TH\u00c9RAPEUTE Ma formation : ART-TH\u00c9RAPIE: -Dipl\u00f4me Universitaire Art-Th\u00e9rapeute,UNIVERSIT\u00c9 DE M\u00c9DECINE, TOURS, Pays de Loire. -Intervenante sp\u00e9cialis\u00e9e en Art-Th\u00e9rapieECOLE ART-TH\u00c9RAPIE , AFRATAPEM, Richard Forestier, TOURS, Pays de Loire. -Intervenante sp\u00e9cialis\u00e9e, Approche du Concept SnoezelenP\u00c9TRARQUE, Organisme de Formation Agr\u00e9e Sant\u00e9 de Proximit\u00e9, Ile de France \/ Pays Bas. &nbsp; ARTS-PLASTIQUES: &#8211; Licence Art et Culture, Mention Arts-Plastiquesoption [&hellip;]\" \/>\n<meta property=\"og:url\" content=\"https:\/\/www.charlenemathieu.fr\/\" \/>\n<meta property=\"og:site_name\" content=\"Charl\u00e8ne Mathieu - ART-TH\u00c9RAPEUTE - Aubenas\" \/>\n<meta property=\"article:modified_time\" content=\"2024-03-07T18:35:31+00:00\" \/>\n<meta property=\"og:image\" content=\"https:\/\/www.charlenemathieu.fr\/wp-content\/uploads\/2024\/02\/unnamed08-819x1024.jpg\" \/>\n<meta name=\"twitter:card\" content=\"summary_large_image\" \/>\n<script type=\"application\/ld+json\" class=\"yoast-schema-graph\">{\"@context\":\"https:\/\/schema.org\",\"@graph\":[{\"@type\":\"WebPage\",\"@id\":\"https:\/\/www.charlenemathieu.fr\/\",\"url\":\"https:\/\/www.charlenemathieu.fr\/\",\"name\":\"Art-Th\u00e9rapeute - Charl\u00e8ne Mathieu - ART-TH\u00c9RAPEUTE - Aubenas\",\"isPartOf\":{\"@id\":\"https:\/\/www.charlenemathieu.fr\/#website\"},\"primaryImageOfPage\":{\"@id\":\"https:\/\/www.charlenemathieu.fr\/#primaryimage\"},\"image\":{\"@id\":\"https:\/\/www.charlenemathieu.fr\/#primaryimage\"},\"thumbnailUrl\":\"https:\/\/www.charlenemathieu.fr\/wp-content\/uploads\/2024\/02\/unnamed08-819x1024.jpg\",\"datePublished\":\"2021-11-28T15:06:04+00:00\",\"dateModified\":\"2024-03-07T18:35:31+00:00\",\"breadcrumb\":{\"@id\":\"https:\/\/www.charlenemathieu.fr\/#breadcrumb\"},\"inLanguage\":\"fr-FR\",\"potentialAction\":[{\"@type\":\"ReadAction\",\"target\":[\"https:\/\/www.charlenemathieu.fr\/\"]}]},{\"@type\":\"ImageObject\",\"inLanguage\":\"fr-FR\",\"@id\":\"https:\/\/www.charlenemathieu.fr\/#primaryimage\",\"url\":\"https:\/\/www.charlenemathieu.fr\/wp-content\/uploads\/2024\/02\/unnamed08-scaled.jpg\",\"contentUrl\":\"https:\/\/www.charlenemathieu.fr\/wp-content\/uploads\/2024\/02\/unnamed08-scaled.jpg\",\"width\":2048,\"height\":2560},{\"@type\":\"BreadcrumbList\",\"@id\":\"https:\/\/www.charlenemathieu.fr\/#breadcrumb\",\"itemListElement\":[{\"@type\":\"ListItem\",\"position\":1,\"name\":\"Accueil\",\"item\":\"https:\/\/www.charlenemathieu.fr\/\"},{\"@type\":\"ListItem\",\"position\":2,\"name\":\"Art-Th\u00e9rapeute\"}]},{\"@type\":\"WebSite\",\"@id\":\"https:\/\/www.charlenemathieu.fr\/#website\",\"url\":\"https:\/\/www.charlenemathieu.fr\/\",\"name\":\"Charl\u00e8ne Mathieu - ART-TH\u00c9RAPEUTE - Aubenas\",\"description\":\"Charl\u00e8ne Mathieu\",\"publisher\":{\"@id\":\"https:\/\/www.charlenemathieu.fr\/#organization\"},\"potentialAction\":[{\"@type\":\"SearchAction\",\"target\":{\"@type\":\"EntryPoint\",\"urlTemplate\":\"https:\/\/www.charlenemathieu.fr\/?s={search_term_string}\"},\"query-input\":{\"@type\":\"PropertyValueSpecification\",\"valueRequired\":true,\"valueName\":\"search_term_string\"}}],\"inLanguage\":\"fr-FR\"},{\"@type\":\"Organization\",\"@id\":\"https:\/\/www.charlenemathieu.fr\/#organization\",\"name\":\"Charl\u00e8ne Mathieu - ART-TH\u00c9RAPEUTE - Aubenas\",\"url\":\"https:\/\/www.charlenemathieu.fr\/\",\"logo\":{\"@type\":\"ImageObject\",\"inLanguage\":\"fr-FR\",\"@id\":\"https:\/\/www.charlenemathieu.fr\/#\/schema\/logo\/image\/\",\"url\":\"https:\/\/www.charlenemathieu.fr\/wp-content\/uploads\/2021\/11\/Logo.png\",\"contentUrl\":\"https:\/\/www.charlenemathieu.fr\/wp-content\/uploads\/2021\/11\/Logo.png\",\"width\":349,\"height\":350,\"caption\":\"Charl\u00e8ne Mathieu - ART-TH\u00c9RAPEUTE - Aubenas\"},\"image\":{\"@id\":\"https:\/\/www.charlenemathieu.fr\/#\/schema\/logo\/image\/\"}}]}<\/script>\n<!-- \/ Yoast SEO plugin. -->","yoast_head_json":{"title":"Art-Th\u00e9rapeute - Charl\u00e8ne Mathieu - ART-TH\u00c9RAPEUTE - Aubenas","robots":{"index":"index","follow":"follow","max-snippet":"max-snippet:-1","max-image-preview":"max-image-preview:large","max-video-preview":"max-video-preview:-1"},"canonical":"https:\/\/www.charlenemathieu.fr\/","og_locale":"fr_FR","og_type":"article","og_title":"Art-Th\u00e9rapeute - Charl\u00e8ne Mathieu - ART-TH\u00c9RAPEUTE - Aubenas","og_description":"L&rsquo;ART-TH\u00c9RAPEUTE Ma formation : ART-TH\u00c9RAPIE: -Dipl\u00f4me Universitaire Art-Th\u00e9rapeute,UNIVERSIT\u00c9 DE M\u00c9DECINE, TOURS, Pays de Loire. -Intervenante sp\u00e9cialis\u00e9e en Art-Th\u00e9rapieECOLE ART-TH\u00c9RAPIE , AFRATAPEM, Richard Forestier, TOURS, Pays de Loire. -Intervenante sp\u00e9cialis\u00e9e, Approche du Concept SnoezelenP\u00c9TRARQUE, Organisme de Formation Agr\u00e9e Sant\u00e9 de Proximit\u00e9, Ile de France \/ Pays Bas. &nbsp; ARTS-PLASTIQUES: &#8211; Licence Art et Culture, Mention Arts-Plastiquesoption [&hellip;]","og_url":"https:\/\/www.charlenemathieu.fr\/","og_site_name":"Charl\u00e8ne Mathieu - ART-TH\u00c9RAPEUTE - Aubenas","article_modified_time":"2024-03-07T18:35:31+00:00","og_image":[{"url":"https:\/\/www.charlenemathieu.fr\/wp-content\/uploads\/2024\/02\/unnamed08-819x1024.jpg"}],"twitter_card":"summary_large_image","schema":{"@context":"https:\/\/schema.org","@graph":[{"@type":"WebPage","@id":"https:\/\/www.charlenemathieu.fr\/","url":"https:\/\/www.charlenemathieu.fr\/","name":"Art-Th\u00e9rapeute - Charl\u00e8ne Mathieu - ART-TH\u00c9RAPEUTE - Aubenas","isPartOf":{"@id":"https:\/\/www.charlenemathieu.fr\/#website"},"primaryImageOfPage":{"@id":"https:\/\/www.charlenemathieu.fr\/#primaryimage"},"image":{"@id":"https:\/\/www.charlenemathieu.fr\/#primaryimage"},"thumbnailUrl":"https:\/\/www.charlenemathieu.fr\/wp-content\/uploads\/2024\/02\/unnamed08-819x1024.jpg","datePublished":"2021-11-28T15:06:04+00:00","dateModified":"2024-03-07T18:35:31+00:00","breadcrumb":{"@id":"https:\/\/www.charlenemathieu.fr\/#breadcrumb"},"inLanguage":"fr-FR","potentialAction":[{"@type":"ReadAction","target":["https:\/\/www.charlenemathieu.fr\/"]}]},{"@type":"ImageObject","inLanguage":"fr-FR","@id":"https:\/\/www.charlenemathieu.fr\/#primaryimage","url":"https:\/\/www.charlenemathieu.fr\/wp-content\/uploads\/2024\/02\/unnamed08-scaled.jpg","contentUrl":"https:\/\/www.charlenemathieu.fr\/wp-content\/uploads\/2024\/02\/unnamed08-scaled.jpg","width":2048,"height":2560},{"@type":"BreadcrumbList","@id":"https:\/\/www.charlenemathieu.fr\/#breadcrumb","itemListElement":[{"@type":"ListItem","position":1,"name":"Accueil","item":"https:\/\/www.charlenemathieu.fr\/"},{"@type":"ListItem","position":2,"name":"Art-Th\u00e9rapeute"}]},{"@type":"WebSite","@id":"https:\/\/www.charlenemathieu.fr\/#website","url":"https:\/\/www.charlenemathieu.fr\/","name":"Charl\u00e8ne Mathieu - ART-TH\u00c9RAPEUTE - Aubenas","description":"Charl\u00e8ne Mathieu","publisher":{"@id":"https:\/\/www.charlenemathieu.fr\/#organization"},"potentialAction":[{"@type":"SearchAction","target":{"@type":"EntryPoint","urlTemplate":"https:\/\/www.charlenemathieu.fr\/?s={search_term_string}"},"query-input":{"@type":"PropertyValueSpecification","valueRequired":true,"valueName":"search_term_string"}}],"inLanguage":"fr-FR"},{"@type":"Organization","@id":"https:\/\/www.charlenemathieu.fr\/#organization","name":"Charl\u00e8ne Mathieu - ART-TH\u00c9RAPEUTE - Aubenas","url":"https:\/\/www.charlenemathieu.fr\/","logo":{"@type":"ImageObject","inLanguage":"fr-FR","@id":"https:\/\/www.charlenemathieu.fr\/#\/schema\/logo\/image\/","url":"https:\/\/www.charlenemathieu.fr\/wp-content\/uploads\/2021\/11\/Logo.png","contentUrl":"https:\/\/www.charlenemathieu.fr\/wp-content\/uploads\/2021\/11\/Logo.png","width":349,"height":350,"caption":"Charl\u00e8ne Mathieu - ART-TH\u00c9RAPEUTE - Aubenas"},"image":{"@id":"https:\/\/www.charlenemathieu.fr\/#\/schema\/logo\/image\/"}}]}},"_links":{"self":[{"href":"https:\/\/www.charlenemathieu.fr\/index.php?rest_route=\/wp\/v2\/pages\/151"}],"collection":[{"href":"https:\/\/www.charlenemathieu.fr\/index.php?rest_route=\/wp\/v2\/pages"}],"about":[{"href":"https:\/\/www.charlenemathieu.fr\/index.php?rest_route=\/wp\/v2\/types\/page"}],"author":[{"embeddable":true,"href":"https:\/\/www.charlenemathieu.fr\/index.php?rest_route=\/wp\/v2\/users\/1"}],"replies":[{"embeddable":true,"href":"https:\/\/www.charlenemathieu.fr\/index.php?rest_route=%2Fwp%2Fv2%2Fcomments&post=151"}],"version-history":[{"count":86,"href":"https:\/\/www.charlenemathieu.fr\/index.php?rest_route=\/wp\/v2\/pages\/151\/revisions"}],"predecessor-version":[{"id":628,"href":"https:\/\/www.charlenemathieu.fr\/index.php?rest_route=\/wp\/v2\/pages\/151\/revisions\/628"}],"wp:attachment":[{"href":"https:\/\/www.charlenemathieu.fr\/index.php?rest_route=%2Fwp%2Fv2%2Fmedia&parent=151"}],"curies":[{"name":"wp","href":"https:\/\/api.w.org\/{rel}","templated":true}]}}