{"id":477,"date":"2024-02-06T14:23:37","date_gmt":"2024-02-06T13:23:37","guid":{"rendered":"https:\/\/www.charlenemathieu.fr\/?page_id=477"},"modified":"2024-02-06T14:32:13","modified_gmt":"2024-02-06T13:32:13","slug":"le-suivi-2","status":"publish","type":"page","link":"https:\/\/www.charlenemathieu.fr\/?page_id=477","title":{"rendered":"Supervision d&rsquo;art-th\u00e9rapeute"},"content":{"rendered":"\t\t<div data-elementor-type=\"wp-page\" data-elementor-id=\"477\" class=\"elementor elementor-477\">\n\t\t\t\t\t\t<section class=\"elementor-section elementor-top-section elementor-element elementor-element-4d2549a6 elementor-section-height-min-height elementor-section-items-stretch elementor-section-content-top elementor-section-full_width elementor-section-height-default\" data-id=\"4d2549a6\" data-element_type=\"section\" data-settings=\"{&quot;background_background&quot;:&quot;classic&quot;}\">\n\t\t\t\t\t\t<div class=\"elementor-container elementor-column-gap-no\">\n\t\t\t\t\t<div class=\"elementor-column elementor-col-100 elementor-top-column elementor-element elementor-element-77c49cb\" data-id=\"77c49cb\" data-element_type=\"column\">\n\t\t\t<div class=\"elementor-widget-wrap elementor-element-populated\">\n\t\t\t\t\t\t<div class=\"elementor-element elementor-element-6944a9dd elementor-widget__width-initial elementor-widget-tablet__width-initial elementor-widget-mobile__width-inherit elementor-absolute elementor-invisible elementor-widget elementor-widget-image\" data-id=\"6944a9dd\" data-element_type=\"widget\" data-settings=\"{&quot;_animation&quot;:&quot;slideInRight&quot;,&quot;_position&quot;:&quot;absolute&quot;}\" data-widget_type=\"image.default\">\n\t\t\t\t<div class=\"elementor-widget-container\">\n\t\t\t\t\t\t\t\t\t\t\t\t\t<img fetchpriority=\"high\" decoding=\"async\" width=\"800\" height=\"1000\" src=\"https:\/\/www.charlenemathieu.fr\/wp-content\/uploads\/2024\/02\/unnamed07-819x1024.jpg\" class=\"attachment-large size-large wp-image-330\" alt=\"\" srcset=\"https:\/\/www.charlenemathieu.fr\/wp-content\/uploads\/2024\/02\/unnamed07-819x1024.jpg 819w, https:\/\/www.charlenemathieu.fr\/wp-content\/uploads\/2024\/02\/unnamed07-240x300.jpg 240w, https:\/\/www.charlenemathieu.fr\/wp-content\/uploads\/2024\/02\/unnamed07-768x960.jpg 768w, https:\/\/www.charlenemathieu.fr\/wp-content\/uploads\/2024\/02\/unnamed07-1229x1536.jpg 1229w, https:\/\/www.charlenemathieu.fr\/wp-content\/uploads\/2024\/02\/unnamed07-1638x2048.jpg 1638w, https:\/\/www.charlenemathieu.fr\/wp-content\/uploads\/2024\/02\/unnamed07-scaled.jpg 2048w\" sizes=\"(max-width: 800px) 100vw, 800px\" \/>\t\t\t\t\t\t\t\t\t\t\t\t\t<\/div>\n\t\t\t\t<\/div>\n\t\t\t\t<section class=\"elementor-section elementor-inner-section elementor-element elementor-element-17ee3cb5 elementor-section-boxed elementor-section-height-default elementor-section-height-default\" data-id=\"17ee3cb5\" data-element_type=\"section\">\n\t\t\t\t\t\t<div class=\"elementor-container elementor-column-gap-no\">\n\t\t\t\t\t<div class=\"elementor-column elementor-col-100 elementor-inner-column elementor-element elementor-element-6e86904e\" data-id=\"6e86904e\" data-element_type=\"column\">\n\t\t\t<div class=\"elementor-widget-wrap elementor-element-populated\">\n\t\t\t\t\t\t<div class=\"elementor-element elementor-element-3a7ffbec elementor-widget elementor-widget-spacer\" data-id=\"3a7ffbec\" data-element_type=\"widget\" data-widget_type=\"spacer.default\">\n\t\t\t\t<div class=\"elementor-widget-container\">\n\t\t\t\t\t<div class=\"elementor-spacer\">\n\t\t\t<div class=\"elementor-spacer-inner\"><\/div>\n\t\t<\/div>\n\t\t\t\t<\/div>\n\t\t\t\t<\/div>\n\t\t\t\t<div class=\"elementor-element elementor-element-1e6e2166 elementor-invisible elementor-widget elementor-widget-heading\" data-id=\"1e6e2166\" data-element_type=\"widget\" data-settings=\"{&quot;_animation&quot;:&quot;fadeIn&quot;}\" data-widget_type=\"heading.default\">\n\t\t\t\t<div class=\"elementor-widget-container\">\n\t\t\t<h1 class=\"elementor-heading-title elementor-size-default\">SUPERVISION<br>D'ART-TH\u00c9RAPEUTE<\/h1>\t\t<\/div>\n\t\t\t\t<\/div>\n\t\t\t\t<div class=\"elementor-element elementor-element-3168a1b0 elementor-widget-divider--view-line elementor-invisible elementor-widget elementor-widget-divider\" data-id=\"3168a1b0\" data-element_type=\"widget\" data-settings=\"{&quot;_animation&quot;:&quot;fadeIn&quot;,&quot;_animation_delay&quot;:&quot;200&quot;}\" data-widget_type=\"divider.default\">\n\t\t\t\t<div class=\"elementor-widget-container\">\n\t\t\t\t\t<div class=\"elementor-divider\">\n\t\t\t<span class=\"elementor-divider-separator\">\n\t\t\t\t\t\t<\/span>\n\t\t<\/div>\n\t\t\t\t<\/div>\n\t\t\t\t<\/div>\n\t\t\t\t<div class=\"elementor-element elementor-element-16e10298 elementor-widget elementor-widget-text-editor\" data-id=\"16e10298\" data-element_type=\"widget\" data-widget_type=\"text-editor.default\">\n\t\t\t\t<div class=\"elementor-widget-container\">\n\t\t\t\t\t\t\t<p>Aucun \u00e9v\u00e9nements \u00e0 venir<\/p><p>\u00a0<\/p><p>\u00a0<\/p>\t\t\t\t\t\t<\/div>\n\t\t\t\t<\/div>\n\t\t\t\t\t<\/div>\n\t\t<\/div>\n\t\t\t\t\t<\/div>\n\t\t<\/section>\n\t\t\t\t\t<\/div>\n\t\t<\/div>\n\t\t\t\t\t<\/div>\n\t\t<\/section>\n\t\t\t\t<section class=\"elementor-section elementor-top-section elementor-element elementor-element-1075e04 elementor-section-boxed elementor-section-height-default elementor-section-height-default\" data-id=\"1075e04\" data-element_type=\"section\">\n\t\t\t\t\t\t<div class=\"elementor-container elementor-column-gap-default\">\n\t\t\t\t\t<div class=\"elementor-column elementor-col-100 elementor-top-column elementor-element elementor-element-fcd1702\" data-id=\"fcd1702\" data-element_type=\"column\">\n\t\t\t<div class=\"elementor-widget-wrap elementor-element-populated\">\n\t\t\t\t\t\t<div class=\"elementor-element elementor-element-b927c79 elementor-widget elementor-widget-spacer\" data-id=\"b927c79\" data-element_type=\"widget\" data-widget_type=\"spacer.default\">\n\t\t\t\t<div class=\"elementor-widget-container\">\n\t\t\t\t\t<div class=\"elementor-spacer\">\n\t\t\t<div class=\"elementor-spacer-inner\"><\/div>\n\t\t<\/div>\n\t\t\t\t<\/div>\n\t\t\t\t<\/div>\n\t\t\t\t\t<\/div>\n\t\t<\/div>\n\t\t\t\t\t<\/div>\n\t\t<\/section>\n\t\t\t\t<\/div>\n\t\t","protected":false},"excerpt":{"rendered":"<p>SUPERVISIOND&rsquo;ART-TH\u00c9RAPEUTE Aucun \u00e9v\u00e9nements \u00e0 venir \u00a0 \u00a0<\/p>\n","protected":false},"author":1,"featured_media":0,"parent":0,"menu_order":0,"comment_status":"closed","ping_status":"closed","template":"","meta":{"footnotes":""},"class_list":["post-477","page","type-page","status-publish","hentry"],"yoast_head":"<!-- This site is optimized with the Yoast SEO plugin v23.6 - https:\/\/yoast.com\/wordpress\/plugins\/seo\/ -->\n<title>Supervision d&#039;art-th\u00e9rapeute - Charl\u00e8ne Mathieu - ART-TH\u00c9RAPEUTE - Aubenas<\/title>\n<meta name=\"robots\" content=\"index, follow, max-snippet:-1, max-image-preview:large, max-video-preview:-1\" \/>\n<link rel=\"canonical\" href=\"https:\/\/www.charlenemathieu.fr\/?page_id=477\" \/>\n<meta property=\"og:locale\" content=\"fr_FR\" \/>\n<meta property=\"og:type\" content=\"article\" \/>\n<meta property=\"og:title\" content=\"Supervision d&#039;art-th\u00e9rapeute - Charl\u00e8ne Mathieu - ART-TH\u00c9RAPEUTE - Aubenas\" \/>\n<meta property=\"og:description\" content=\"SUPERVISIOND&rsquo;ART-TH\u00c9RAPEUTE Aucun \u00e9v\u00e9nements \u00e0 venir \u00a0 \u00a0\" \/>\n<meta property=\"og:url\" content=\"https:\/\/www.charlenemathieu.fr\/?page_id=477\" \/>\n<meta property=\"og:site_name\" content=\"Charl\u00e8ne Mathieu - ART-TH\u00c9RAPEUTE - Aubenas\" \/>\n<meta property=\"article:modified_time\" content=\"2024-02-06T13:32:13+00:00\" \/>\n<meta property=\"og:image\" content=\"https:\/\/www.charlenemathieu.fr\/wp-content\/uploads\/2024\/02\/unnamed07-819x1024.jpg\" \/>\n<meta name=\"twitter:card\" content=\"summary_large_image\" \/>\n<meta name=\"twitter:label1\" content=\"Dur\u00e9e de lecture estim\u00e9e\" \/>\n\t<meta name=\"twitter:data1\" content=\"1 minute\" \/>\n<script type=\"application\/ld+json\" class=\"yoast-schema-graph\">{\"@context\":\"https:\/\/schema.org\",\"@graph\":[{\"@type\":\"WebPage\",\"@id\":\"https:\/\/www.charlenemathieu.fr\/?page_id=477\",\"url\":\"https:\/\/www.charlenemathieu.fr\/?page_id=477\",\"name\":\"Supervision d'art-th\u00e9rapeute - Charl\u00e8ne Mathieu - ART-TH\u00c9RAPEUTE - Aubenas\",\"isPartOf\":{\"@id\":\"https:\/\/www.charlenemathieu.fr\/#website\"},\"primaryImageOfPage\":{\"@id\":\"https:\/\/www.charlenemathieu.fr\/?page_id=477#primaryimage\"},\"image\":{\"@id\":\"https:\/\/www.charlenemathieu.fr\/?page_id=477#primaryimage\"},\"thumbnailUrl\":\"https:\/\/www.charlenemathieu.fr\/wp-content\/uploads\/2024\/02\/unnamed07-819x1024.jpg\",\"datePublished\":\"2024-02-06T13:23:37+00:00\",\"dateModified\":\"2024-02-06T13:32:13+00:00\",\"breadcrumb\":{\"@id\":\"https:\/\/www.charlenemathieu.fr\/?page_id=477#breadcrumb\"},\"inLanguage\":\"fr-FR\",\"potentialAction\":[{\"@type\":\"ReadAction\",\"target\":[\"https:\/\/www.charlenemathieu.fr\/?page_id=477\"]}]},{\"@type\":\"ImageObject\",\"inLanguage\":\"fr-FR\",\"@id\":\"https:\/\/www.charlenemathieu.fr\/?page_id=477#primaryimage\",\"url\":\"https:\/\/www.charlenemathieu.fr\/wp-content\/uploads\/2024\/02\/unnamed07-scaled.jpg\",\"contentUrl\":\"https:\/\/www.charlenemathieu.fr\/wp-content\/uploads\/2024\/02\/unnamed07-scaled.jpg\",\"width\":2048,\"height\":2560},{\"@type\":\"BreadcrumbList\",\"@id\":\"https:\/\/www.charlenemathieu.fr\/?page_id=477#breadcrumb\",\"itemListElement\":[{\"@type\":\"ListItem\",\"position\":1,\"name\":\"Accueil\",\"item\":\"https:\/\/www.charlenemathieu.fr\/\"},{\"@type\":\"ListItem\",\"position\":2,\"name\":\"Supervision d&rsquo;art-th\u00e9rapeute\"}]},{\"@type\":\"WebSite\",\"@id\":\"https:\/\/www.charlenemathieu.fr\/#website\",\"url\":\"https:\/\/www.charlenemathieu.fr\/\",\"name\":\"Charl\u00e8ne Mathieu - ART-TH\u00c9RAPEUTE - Aubenas\",\"description\":\"Charl\u00e8ne Mathieu\",\"publisher\":{\"@id\":\"https:\/\/www.charlenemathieu.fr\/#organization\"},\"potentialAction\":[{\"@type\":\"SearchAction\",\"target\":{\"@type\":\"EntryPoint\",\"urlTemplate\":\"https:\/\/www.charlenemathieu.fr\/?s={search_term_string}\"},\"query-input\":{\"@type\":\"PropertyValueSpecification\",\"valueRequired\":true,\"valueName\":\"search_term_string\"}}],\"inLanguage\":\"fr-FR\"},{\"@type\":\"Organization\",\"@id\":\"https:\/\/www.charlenemathieu.fr\/#organization\",\"name\":\"Charl\u00e8ne Mathieu - ART-TH\u00c9RAPEUTE - Aubenas\",\"url\":\"https:\/\/www.charlenemathieu.fr\/\",\"logo\":{\"@type\":\"ImageObject\",\"inLanguage\":\"fr-FR\",\"@id\":\"https:\/\/www.charlenemathieu.fr\/#\/schema\/logo\/image\/\",\"url\":\"https:\/\/www.charlenemathieu.fr\/wp-content\/uploads\/2021\/11\/Logo.png\",\"contentUrl\":\"https:\/\/www.charlenemathieu.fr\/wp-content\/uploads\/2021\/11\/Logo.png\",\"width\":349,\"height\":350,\"caption\":\"Charl\u00e8ne Mathieu - ART-TH\u00c9RAPEUTE - Aubenas\"},\"image\":{\"@id\":\"https:\/\/www.charlenemathieu.fr\/#\/schema\/logo\/image\/\"}}]}<\/script>\n<!-- \/ Yoast SEO plugin. -->","yoast_head_json":{"title":"Supervision d'art-th\u00e9rapeute - Charl\u00e8ne Mathieu - ART-TH\u00c9RAPEUTE - Aubenas","robots":{"index":"index","follow":"follow","max-snippet":"max-snippet:-1","max-image-preview":"max-image-preview:large","max-video-preview":"max-video-preview:-1"},"canonical":"https:\/\/www.charlenemathieu.fr\/?page_id=477","og_locale":"fr_FR","og_type":"article","og_title":"Supervision d'art-th\u00e9rapeute - Charl\u00e8ne Mathieu - ART-TH\u00c9RAPEUTE - Aubenas","og_description":"SUPERVISIOND&rsquo;ART-TH\u00c9RAPEUTE Aucun \u00e9v\u00e9nements \u00e0 venir \u00a0 \u00a0","og_url":"https:\/\/www.charlenemathieu.fr\/?page_id=477","og_site_name":"Charl\u00e8ne Mathieu - ART-TH\u00c9RAPEUTE - Aubenas","article_modified_time":"2024-02-06T13:32:13+00:00","og_image":[{"url":"https:\/\/www.charlenemathieu.fr\/wp-content\/uploads\/2024\/02\/unnamed07-819x1024.jpg"}],"twitter_card":"summary_large_image","twitter_misc":{"Dur\u00e9e de lecture estim\u00e9e":"1 minute"},"schema":{"@context":"https:\/\/schema.org","@graph":[{"@type":"WebPage","@id":"https:\/\/www.charlenemathieu.fr\/?page_id=477","url":"https:\/\/www.charlenemathieu.fr\/?page_id=477","name":"Supervision d'art-th\u00e9rapeute - Charl\u00e8ne Mathieu - ART-TH\u00c9RAPEUTE - Aubenas","isPartOf":{"@id":"https:\/\/www.charlenemathieu.fr\/#website"},"primaryImageOfPage":{"@id":"https:\/\/www.charlenemathieu.fr\/?page_id=477#primaryimage"},"image":{"@id":"https:\/\/www.charlenemathieu.fr\/?page_id=477#primaryimage"},"thumbnailUrl":"https:\/\/www.charlenemathieu.fr\/wp-content\/uploads\/2024\/02\/unnamed07-819x1024.jpg","datePublished":"2024-02-06T13:23:37+00:00","dateModified":"2024-02-06T13:32:13+00:00","breadcrumb":{"@id":"https:\/\/www.charlenemathieu.fr\/?page_id=477#breadcrumb"},"inLanguage":"fr-FR","potentialAction":[{"@type":"ReadAction","target":["https:\/\/www.charlenemathieu.fr\/?page_id=477"]}]},{"@type":"ImageObject","inLanguage":"fr-FR","@id":"https:\/\/www.charlenemathieu.fr\/?page_id=477#primaryimage","url":"https:\/\/www.charlenemathieu.fr\/wp-content\/uploads\/2024\/02\/unnamed07-scaled.jpg","contentUrl":"https:\/\/www.charlenemathieu.fr\/wp-content\/uploads\/2024\/02\/unnamed07-scaled.jpg","width":2048,"height":2560},{"@type":"BreadcrumbList","@id":"https:\/\/www.charlenemathieu.fr\/?page_id=477#breadcrumb","itemListElement":[{"@type":"ListItem","position":1,"name":"Accueil","item":"https:\/\/www.charlenemathieu.fr\/"},{"@type":"ListItem","position":2,"name":"Supervision d&rsquo;art-th\u00e9rapeute"}]},{"@type":"WebSite","@id":"https:\/\/www.charlenemathieu.fr\/#website","url":"https:\/\/www.charlenemathieu.fr\/","name":"Charl\u00e8ne Mathieu - ART-TH\u00c9RAPEUTE - Aubenas","description":"Charl\u00e8ne Mathieu","publisher":{"@id":"https:\/\/www.charlenemathieu.fr\/#organization"},"potentialAction":[{"@type":"SearchAction","target":{"@type":"EntryPoint","urlTemplate":"https:\/\/www.charlenemathieu.fr\/?s={search_term_string}"},"query-input":{"@type":"PropertyValueSpecification","valueRequired":true,"valueName":"search_term_string"}}],"inLanguage":"fr-FR"},{"@type":"Organization","@id":"https:\/\/www.charlenemathieu.fr\/#organization","name":"Charl\u00e8ne Mathieu - ART-TH\u00c9RAPEUTE - Aubenas","url":"https:\/\/www.charlenemathieu.fr\/","logo":{"@type":"ImageObject","inLanguage":"fr-FR","@id":"https:\/\/www.charlenemathieu.fr\/#\/schema\/logo\/image\/","url":"https:\/\/www.charlenemathieu.fr\/wp-content\/uploads\/2021\/11\/Logo.png","contentUrl":"https:\/\/www.charlenemathieu.fr\/wp-content\/uploads\/2021\/11\/Logo.png","width":349,"height":350,"caption":"Charl\u00e8ne Mathieu - ART-TH\u00c9RAPEUTE - Aubenas"},"image":{"@id":"https:\/\/www.charlenemathieu.fr\/#\/schema\/logo\/image\/"}}]}},"_links":{"self":[{"href":"https:\/\/www.charlenemathieu.fr\/index.php?rest_route=\/wp\/v2\/pages\/477"}],"collection":[{"href":"https:\/\/www.charlenemathieu.fr\/index.php?rest_route=\/wp\/v2\/pages"}],"about":[{"href":"https:\/\/www.charlenemathieu.fr\/index.php?rest_route=\/wp\/v2\/types\/page"}],"author":[{"embeddable":true,"href":"https:\/\/www.charlenemathieu.fr\/index.php?rest_route=\/wp\/v2\/users\/1"}],"replies":[{"embeddable":true,"href":"https:\/\/www.charlenemathieu.fr\/index.php?rest_route=%2Fwp%2Fv2%2Fcomments&post=477"}],"version-history":[{"count":21,"href":"https:\/\/www.charlenemathieu.fr\/index.php?rest_route=\/wp\/v2\/pages\/477\/revisions"}],"predecessor-version":[{"id":508,"href":"https:\/\/www.charlenemathieu.fr\/index.php?rest_route=\/wp\/v2\/pages\/477\/revisions\/508"}],"wp:attachment":[{"href":"https:\/\/www.charlenemathieu.fr\/index.php?rest_route=%2Fwp%2Fv2%2Fmedia&parent=477"}],"curies":[{"name":"wp","href":"https:\/\/api.w.org\/{rel}","templated":true}]}}